{"id":12,"date":"2018-01-01T13:36:06","date_gmt":"2018-01-01T12:36:06","guid":{"rendered":"https:\/\/localhost\/bar\/?page_id=12"},"modified":"2024-04-23T10:59:31","modified_gmt":"2024-04-23T08:59:31","slug":"about-us","status":"publish","type":"page","link":"https:\/\/www.ba-records.com\/?page_id=12","title":{"rendered":"\u00dcber BAR"},"content":{"rendered":"<p>Breakin&#8216; All Records ist ein junges und unabh\u00e4ngiges Hip-Hop Plattenlabel mit Sitz in K\u00f6ln und Heidelberg.<\/p>\n<p>Gegr\u00fcndet wurde das Label 2018.<\/p>\n<p>Wir lieben physische Tontr\u00e4ger, wie Vinyl oder Kassetten. Unsere Musik erscheint auf den g\u00e4ngigen digitalen Plattformen und oft auch auf Platte oder Tape.<\/p>\n<p>Breakin&#8216; All Records bietet sowohl bekannten, als auch unbekannten und talentierten Musikern eine Plattform. Dabei bedienen wir \u00fcberwiegend, aber nich ausschlie\u00dflich nur das Genre Hip-Hop.<\/p>\n<p>Unsere Inpiration nehmen wir aus den 90er Jahren des Hip-Hop, der &#8222;Golden Era&#8220;.<\/p>\n<p>Egal ob Rap, Beats oder Mixtapes &#8211; Wir haben Alles!<\/p>\n","protected":false},"excerpt":{"rendered":"<p>Breakin&#8216; All Records ist ein junges und unabh\u00e4ngiges Hip-Hop Plattenlabel mit Sitz in K\u00f6ln und Heidelberg. Gegr\u00fcndet wurde das Label 2018. Wir lieben physische Tontr\u00e4ger, wie Vinyl oder Kassetten. Unsere Musik erscheint auf den g\u00e4ngigen digitalen Plattformen und oft auch auf Platte oder Tape. Breakin&#8216; All Records bietet sowohl bekannten, als auch unbekannten und talentierten Musikern eine Plattform. Dabei bedienen wir \u00fcberwiegend, aber nich ausschlie\u00dflich nur das Genre Hip-Hop. Unsere Inpiration nehmen wir aus den 90er Jahren des Hip-Hop, der &#8222;Golden Era&#8220;. Egal ob Rap, Beats oder Mixtapes &#8211; Wir haben Alles!<\/p>\n","protected":false},"author":1,"featured_media":257,"parent":0,"menu_order":0,"comment_status":"closed","ping_status":"closed","template":"","meta":{"footnotes":""},"class_list":["post-12","page","type-page","status-publish","has-post-thumbnail","hentry"],"_links":{"self":[{"href":"https:\/\/www.ba-records.com\/index.php?rest_route=\/wp\/v2\/pages\/12","targetHints":{"allow":["GET"]}}],"collection":[{"href":"https:\/\/www.ba-records.com\/index.php?rest_route=\/wp\/v2\/pages"}],"about":[{"href":"https:\/\/www.ba-records.com\/index.php?rest_route=\/wp\/v2\/types\/page"}],"author":[{"embeddable":true,"href":"https:\/\/www.ba-records.com\/index.php?rest_route=\/wp\/v2\/users\/1"}],"replies":[{"embeddable":true,"href":"https:\/\/www.ba-records.com\/index.php?rest_route=%2Fwp%2Fv2%2Fcomments&post=12"}],"version-history":[{"count":10,"href":"https:\/\/www.ba-records.com\/index.php?rest_route=\/wp\/v2\/pages\/12\/revisions"}],"predecessor-version":[{"id":589,"href":"https:\/\/www.ba-records.com\/index.php?rest_route=\/wp\/v2\/pages\/12\/revisions\/589"}],"wp:featuredmedia":[{"embeddable":true,"href":"https:\/\/www.ba-records.com\/index.php?rest_route=\/wp\/v2\/media\/257"}],"wp:attachment":[{"href":"https:\/\/www.ba-records.com\/index.php?rest_route=%2Fwp%2Fv2%2Fmedia&parent=12"}],"curies":[{"name":"wp","href":"https:\/\/api.w.org\/{rel}","templated":true}]}}