{"id":10,"date":"2018-01-02T13:35:44","date_gmt":"2018-01-02T12:35:44","guid":{"rendered":"https:\/\/localhost\/bar\/?page_id=10"},"modified":"2023-06-02T10:34:54","modified_gmt":"2023-06-02T08:34:54","slug":"impressum","status":"publish","type":"page","link":"https:\/\/www.ba-records.com\/?page_id=10","title":{"rendered":"Impressum"},"content":{"rendered":"<p>&nbsp;<\/p>\n<p><strong>Angaben gem\u00e4\u00df \u00a7 5 TMG:<\/strong><\/p>\n<p>Benjamin Stieb<\/p>\n<p><strong>Postanschrift:<\/strong><br \/>\nGotenring 29<br \/>\n50679 K\u00f6ln<\/p>\n<p><strong>Kontakt:<br \/>\n<\/strong><\/p>\n<p>Telefon: 0049 1577 4576826<br \/>\nE-Mail: <a href=\"mailto:info@ba-records.com\" target=\"_blank\" rel=\"noopener noreferrer\">info@ba-records.com<\/a><\/p>\n<p><strong>Vertreten durch:<\/strong><\/p>\n<p>Benjamin Stieb, Gesch\u00e4ftsf\u00fchrer<\/p>\n<p><strong>Umsatzsteuer-Identifikationsnummer<\/strong><\/p>\n<p>DE316368385<\/p>\n<hr \/>\n<p><em>Das Impressum wurde mit dem <a href=\"https:\/\/www.activemind.de\/datenschutz\/impressums-generator\/\">Impressums-Generator der activeMind AG<\/a> erstellt.<\/em><\/p>\n","protected":false},"excerpt":{"rendered":"<p>&nbsp; Angaben gem\u00e4\u00df \u00a7 5 TMG: Benjamin Stieb Postanschrift: Gotenring 29 50679 K\u00f6ln Kontakt: Telefon: 0049 1577 4576826 E-Mail: info@ba-records.com Vertreten durch: Benjamin Stieb, Gesch\u00e4ftsf\u00fchrer Umsatzsteuer-Identifikationsnummer DE316368385 Das Impressum wurde mit dem Impressums-Generator der activeMind AG erstellt.<\/p>\n","protected":false},"author":1,"featured_media":0,"parent":0,"menu_order":5,"comment_status":"closed","ping_status":"closed","template":"","meta":{"footnotes":""},"class_list":["post-10","page","type-page","status-publish","hentry"],"_links":{"self":[{"href":"https:\/\/www.ba-records.com\/index.php?rest_route=\/wp\/v2\/pages\/10","targetHints":{"allow":["GET"]}}],"collection":[{"href":"https:\/\/www.ba-records.com\/index.php?rest_route=\/wp\/v2\/pages"}],"about":[{"href":"https:\/\/www.ba-records.com\/index.php?rest_route=\/wp\/v2\/types\/page"}],"author":[{"embeddable":true,"href":"https:\/\/www.ba-records.com\/index.php?rest_route=\/wp\/v2\/users\/1"}],"replies":[{"embeddable":true,"href":"https:\/\/www.ba-records.com\/index.php?rest_route=%2Fwp%2Fv2%2Fcomments&post=10"}],"version-history":[{"count":18,"href":"https:\/\/www.ba-records.com\/index.php?rest_route=\/wp\/v2\/pages\/10\/revisions"}],"predecessor-version":[{"id":472,"href":"https:\/\/www.ba-records.com\/index.php?rest_route=\/wp\/v2\/pages\/10\/revisions\/472"}],"wp:attachment":[{"href":"https:\/\/www.ba-records.com\/index.php?rest_route=%2Fwp%2Fv2%2Fmedia&parent=10"}],"curies":[{"name":"wp","href":"https:\/\/api.w.org\/{rel}","templated":true}]}}